{"id":3342,"date":"2020-11-22T19:35:09","date_gmt":"2020-11-22T19:35:09","guid":{"rendered":"https:\/\/noblessehotel.ro\/confidentialitate\/"},"modified":"2023-03-18T00:25:56","modified_gmt":"2023-03-18T00:25:56","slug":"privacy-policy","status":"publish","type":"page","link":"https:\/\/noblessehotel.ro\/en\/privacy-policy\/","title":{"rendered":"Privacy Policy"},"content":{"rendered":"<p><style>h3,h4{margin-top:50px!important}<\/style>\n<\/p>\n<p>SC NOBLESSE BOUTIQUE SRL garanteaza confidentialitatea datelor personale. Datele personale introduse de catre cumparator vor fi folosite numai in scopul declarat al acestui site, acela de comercializare. Comerciantul poate colecta date cu caracter personal prin intermediul site-ului doar cu acordul cumparatorului si numai daca le furnizeaza in mod voluntar. Cumparatorul este de acord sa primeasca informatii prin intermediul adresei de e-mail sau a numarului de telefon desp-re produsele si ofertele existente pe site. Comerciantul poate colecta si date anonime rezultate in urma navigarii cumparatorului pe site. Aceste date sunt transmise in mod involuntar de cumparator in urma accesarii anumitor pagini.<\/p>\n<p>SC Noblesse Boutique SRL nu vinde, nu ofera, nu face schimb de adrese de e-mail obtinute prin intermediul acestui site, nu divulga adresa dumneavoastra de e-mail altor persoane care acceseaza paginile acestui site.<\/p>\n<h5>CONDITII LEGALE<\/h5>\n<p>Acest site functioneaza conform tuturor prevederilor legale ale Statului Roman. Daca una sau mai multe prevederi ale prezentelor termeni si conditii sunt in conflict cu oricare cerinta legal aplicabila, acestea nu vor fi aplicate si partile se vor stradui impreuna sa convina asupra unor noi prevederi care sa respecte spiritul prevederilor initiale. Partile vor fi considerate contractanti independenti si nici uneia din parti nu i se acorda dreptul sau autoritatea de a asuma sau crea orice obligatie pe seama sau in dauna celeilalte. Termenii si Conditiile din acest contract inlocuiesc alte intelegeri anterioare scrise sau verbale, dintre Cumparator si Comerciant, referitoare la subiectul prezentului contract si nu pot fi modificate sau schimbate decat prin intelegere scrisa semnata de ambele parti.<\/p>\n<h5>FORTA MAJORA<\/h5>\n<p>Nici una din parti nu va fi raspunzatoare pentru neexecutarea obligatiilor sale contractuale, daca o astfel de situatie este datorata unui eveniment de forta majora. Forta majora este evenimentul imprevizibil, in afara controlului partilor si care nu poate fi evitat.<\/p>\n<h5>LITIGII<\/h5>\n<p>Orice conflict aparut intre Comerciant si Cumparator se incearca a fi rezolvat pe cale amiabila prin intelegere intre cele doua parti. In cazul in care acest lucru nu este posibil se vor aplica prevederile legale.<\/p>\n<h3>Politica de Confidentialitate<\/h3>\n<p><em>Angajamentul nostru privind confiden\u0163ialitatea \u015fi protec\u021bia datelor dumneavoastr\u0103<\/em><\/p>\n<p>SC NOBLESSE BOUTIQUE SRL, proprietar al Noblesse Boutique, v\u0103 asigur\u0103 de confiden\u021bialitatea \u0219i securitatea datelor cu caracter personal prin m\u0103suri organizatorice \u0219i tehnice, \u00een contextul cadrului legislativ conform Regulamentului General privind Protec\u021bia Datelor (<a href=\"https:\/\/noblessehotel.ro\/media\/regulament-gdpr.pdf\">RGDP<\/a>) (UE) 2016\/679 privind Protec\u021bia Datelor Personale. Dac\u0103 informa\u0163iile de mai jos nu r\u0103spund la \u00eentreb\u0103rile dumneavoastr\u0103, v\u0103 rug\u0103m s\u0103 ne contacta\u0163i utiliz\u00e2nd datele din pagina de&nbsp;<a href=\"\/contact\/\">Contact<\/a>.<\/p>\n<p>Operatorul se oblig\u0103 s\u0103 respecte drepturile utilizatorului conferite de legisla\u021bia \u00een vigoare \u0219i de Regulamentul (<a href=\"https:\/\/noblessehotel.ro\/media\/regulament-gdpr.pdf\">RGDP<\/a>) (UE) 2016\/679, iar la cererea utilizatorului scris\u0103 la adresa info@chefarena.ro se oblig\u0103: s\u0103 confirme dac\u0103 prelucreaz\u0103 sau nu datele personale, \u00een mod gratuit, pentru o solicitare pe an; s\u0103 rectifice, actualizeze, blocheze, \u015ftearg\u0103 sau transforme \u00een date anonime, \u00een mod gratuit, datele a c\u0103ror prelucrare nu este conform\u0103 dispozi\u0163iilor legisla\u021biei \u00een vigoare \u0219i Regulamentului (RGDP) (UE) 2016\/679 privind Protec\u021bia Datelor Personale cu privire la prelucrarea datelor cu caracter personal \u015fi libera circula\u0163ie a acestor date; s\u0103 \u00eenceteze prelucrarea datelor tale personale.<\/p>\n<p>Informa\u021biile prelucrate ale datelor personale sunt: nume \u0219i prenume, adresa de e-mail, num\u0103rul de telefon\/fax\/mobil, adresa (domiciliu \/ re\u0219edin\u021b\u0103 sau de livrare) \u0219i alte date tehnice.<\/p>\n<p>Ne rezerv\u0103m dreptul s\u0103 stoc\u0103m informa\u0163iile clien\u0163ilor: nume \u0219i prenume, adres\u0103, email, telefon, produse comandate etc. pe termen nedefinit.<\/p>\n<p>Garant\u0103m confiden\u0163ialitatea datelor: nu vom furniza nicio informa\u0163ie (nume, adrese, comenzi etc.) la ter\u0163e p\u0103r\u0163i.<\/p>\n<p>Complet\u00e2nd formularul de comand\u0103, utilizatorul \u00ee\u0219i d\u0103 acordul necondi\u021bionat de a fi \u00eenregistrat \u00een baza de date Chef Arena.<\/p>\n<p>Scopul prelucr\u0103rii datelor const\u0103 \u00een informarea consumatorilor \u0219i poten\u021bialilor consumatori asupra serviciilor oferite prin e-mail, SMS, po\u0219t\u0103, curierat sau alte mijloace de comunicare, despre ac\u021biunile desf\u0103\u0219urate \u00een viitor de Noblesse Boutique SRL \u0219i realizarea de rapoarte statistice cu privire la consumatorii produselor \u0219i serviciilor comercializate de c\u0103tre Noblesse Boutique SRL sau de c\u0103tre partenerii s\u0103i.<\/p>\n<p>Refuzul furniz\u0103rii datelor personale determin\u0103 imposibilitatea onor\u0103rii rezerv\u0103rilor \u0219i comenzilor.<\/p>\n<p>Datele personale ale clien\u0163ilor vor putea fi transmise autorit\u0103\u0163ilor \u00een drept s\u0103 verifice legitimitatea tranzac\u0163iilor comerciale sau altor autorit\u0103\u0163i \u00een drept s\u0103 efectueze verific\u0103ri justificate \u00een baza legii, doar dac\u0103 acest lucru va fi solicitat \u015fi \u00een conformitate cu legisla\u021bia \u00een vigoare.<\/p>\n<p>Noblesse Boutique SRL nu solicit\u0103 Utilizatorilor\/Clien\u021bilor s\u0103i prin niciun mijloc de comunicare (telefon, e-mail etc.) informa\u021bii confiden\u021biale, date despre conturi bancare sau parole personale. \u00cen cazul \u00een care Utilizatorul\/Clientul divulg\u0103 informa\u021biile personale unor ter\u021bi, acesta poart\u0103 \u00eentreaga responsabilitate pentru ac\u021biunile sale, iar Noblesse Boutique SRL nu este r\u0103spunz\u0103toare pentru niciun fel de prejudiciu conform legisla\u021biei \u00een vigoare.<\/p>\n<h5><strong>CINE SUNTEM<\/strong><\/h5>\n<p>Proprietarul website-ului <a href=\"https:\/\/www.noblessehotel.ro\">www.noblessehotel.ro<\/a> si al vilei Noblesse Boutique este SC Noblesse Boutique SRL, inregistrata la Registrul Comertului sub numarul J32\/210\/2001, Cod de Inregistrare Fiscala RO 13829036, cu sediul social si punct de lucru in Sibiu, Jud. Sibiu, Str. Blanarilor, Nr. 17-19, Romania.<\/p>\n<p>Ne pute\u021bi contacta oric\u00e2nd astfel:<\/p>\n<ul>\n<li>telefonic la nr. 0369 419 000 intre orele 09:00-22:00<\/li>\n<li>prin e-mail la adresa&nbsp;info@noblessehotel.ro<\/li>\n<li>la unul din punctele de lucru ale comerciantului, prezentate mai sus.<\/li>\n<\/ul>\n<p>Chef Arena a numit un&nbsp;Responsabil cu Protec\u021bia Datelor Personale. Pentru orice \u00eentreb\u0103ri sau nel\u0103muriri legate de prezenta Politic\u0103, de modul \u00een care prelucr\u0103m datele dumneavoastr\u0103 sau drepturile dumneavoastr\u0103, ne pute\u021bi contacta la adresa de e-mail&nbsp;<a href=\"mailto:info@noblessehotel.ro\">info@noblessehotel.ro<\/a>&nbsp;sau la adresa po\u0219tal\u0103 str. Bl\u0103narilor, nr. 17, Sibiu, Rom\u00e2nia.<\/p>\n<h5><strong>CE DATE PERSONALE COLECT\u0102M \u0218I DE CE LE COLECT\u0102M<\/strong><\/h5>\n<p>Vom folosi datele dumneavoastr\u0103 doar pentru a va \u00eembun\u0103t\u0103\u0163i experien\u0163a de navigare \u015fi descoperire a produselor noastre. \u00cen func\u0163ie de tipul datelor cu caracter personal solicitate, acestea sunt folosite diferit. \u00cen textele urm\u0103toare reg\u0103si\u0163i explica\u0163ii detaliate, \u00een care v\u0103 explic\u0103m de ce v\u0103 solicit\u0103m anumite date \u015fi ce anume facem cu acestea.<\/p>\n<h6>Nume \u0219i informa\u021bii de contact<\/h6>\n<table>\n<tbody>\n<tr>\n<td width=\"300\">Cum folosim numele \u015fi informa\u0163iile de contact<\/td>\n<td width=\"300\">De ce?<\/td>\n<\/tr>\n<tr>\n<td width=\"300\">Pentru a putea procesa comenzile plasate de dumneavoastr\u0103 pe site-urile noastre<\/td>\n<td width=\"300\">Trebuie s\u0103 ne furniza\u0163i aceste informa\u0163ii pentru a putea s\u0103 execut\u0103m contractul de v\u00e2nzare la distan\u0163\u0103 (a\u015fa se nume\u015fte comanda\/rezervarea online \u00een termeni juridici): este imposibil s\u0103 v\u0103 proces\u0103m rezervarea \u0219i s\u0103 v\u0103 emitem factura dac\u0103 nu \u015ftim cum v\u0103 numi\u0163i, care sunt datele dumneavoastr\u0103 de facturare sau adresa de e-mail pe care s\u0103 o asociem accesului dumneavoastr\u0103.<\/td>\n<\/tr>\n<tr>\n<td width=\"300\">Pentru a v\u0103 putea expedia mesaje de tip text cu detalii despre statusul comenziii dumneavoastr\u0103.<\/td>\n<td width=\"300\">Trebuie s\u0103 facem acest lucru pentru a&nbsp; executa corect contractul \u00eencheiat la distan\u0163\u0103 cu dumneavoastr\u0103: ca s\u0103 \u015fti\u0163i exact c\u00e2nd a fost confirmat\u0103 rezervarea.<\/td>\n<\/tr>\n<tr>\n<td width=\"300\">Pentru a v\u0103 trimite informa\u0163ii prin e-mail, SMS sau curier cu privire la articolele, nout\u0103\u0163ile sau serviciile ad\u0103ugate recent \u00een oferta noastr\u0103.<\/td>\n<td width=\"300\">Pentru a v\u0103 \u0163ine la curent cu activitatea noastr\u0103. Trimitem doar informa\u0163ii pentru care am primit acceptul dumneavoastr\u0103.<\/td>\n<\/tr>\n<tr>\n<td width=\"300\">Prevenirea fraudelor \u015fi detectarea acestora.<\/td>\n<td width=\"300\">Pentru a preveni \u015fi detecta fraudele care v\u0103 vizeaz\u0103 at\u00e2t pe dumneavoastr\u0103, c\u00e2t \u015fi pe noi: cazuri nefericite, \u00eens\u0103 este absolut necesar.<\/td>\n<\/tr>\n<tr>\n<td width=\"300\">Pentru a putea vizualiza ofertele noastre \u00een timp ce naviga\u0163i pe internet.<\/td>\n<td width=\"300\">Pentru a putea vedea ultimele nout\u0103\u0163i \u015fi promo\u0163ii ad\u0103ugate \u00een oferta noastr\u0103 comercial\u0103.<\/td>\n<\/tr>\n<tr>\n<td width=\"300\">Pentru a fi la curent cu preferin\u0163ele dumneavoastr\u0103 \u015fi ale altor clien\u0163i.<\/td>\n<td width=\"300\">Pentru a v\u0103 oferi exact lucrurile pe care le a\u015ftepta\u0163i \u015fi pentru a fi cu un pas \u00eenaintea competi\u0163iei.<\/td>\n<\/tr>\n<\/tbody>\n<\/table>\n<h6>Data na\u015fterii<\/h6>\n<table>\n<tbody>\n<tr>\n<td width=\"300\">Cum folosim data na\u015fterii<\/td>\n<td width=\"300\">De ce ?<\/td>\n<\/tr>\n<tr>\n<td width=\"300\">Pentru a preveni \u015fi detecta fraudele.Pentru a v\u0103 face surprize, ocazional: v\u0103 trimitem o felicitare sau un voucher de reducere.<\/td>\n<td width=\"300\">Pentru a preveni \u015fi detecta fraudele care v\u0103 vizeaz\u0103 at\u00e2t pe dumneavoastr\u0103, c\u00e2t \u015fi pe noi: cazuri nefericite, \u00eens\u0103 este absolut necesar.<\/td>\n<\/tr>\n<\/tbody>\n<\/table>\n<h6>Genul: Doamna\/ Domnul<\/h6>\n<table>\n<tbody>\n<tr>\n<td width=\"300\">Cum folosim informa\u0163ia privind genul<\/td>\n<td width=\"300\">De ce?<\/td>\n<\/tr>\n<tr>\n<td width=\"300\">Pentru a ne putea adresa corect \u015fi a v\u0103 indica produsele care vi se adreseaz\u0103.<\/td>\n<td width=\"300\">Pentru a v\u0103 indica produsele care vi se adreseaz\u0103 (din punct de vedere al con\u0163inutului).<\/td>\n<\/tr>\n<\/tbody>\n<\/table>\n<h6>Informa\u0163ii cu privire la modalitatea de plat\u0103<\/h6>\n<table>\n<tbody>\n<tr>\n<td width=\"300\">&nbsp;Cum folosim informa\u0163iile cu privire la modalitatea de plat\u0103<\/td>\n<td width=\"300\">De ce?<\/td>\n<\/tr>\n<tr>\n<td width=\"300\">Procesatorul nostru de pl\u0103\u0163i online este Banca Transilvania. Site-urile noastre v\u0103 direc\u0163ioneaz\u0103 c\u0103tre platforma procesatorului \u00een cazul \u00een care a\u0163i optat pentru modalitatea de plat\u0103 online a rezerv\u0103rii. Noi nu re\u0163inem, nici nu proces\u0103m informa\u0163iile oferite \u00een procedura de plata online: num\u0103rul cardului, CVV-ul.<\/td>\n<td width=\"300\">Pentru a onora contractul la distan\u0163\u0103 \u00eencheiat cu dumneavoastr\u0103.<\/td>\n<\/tr>\n<tr>\n<td width=\"300\">Pentru a preveni \u015fi detecta fraudele<\/td>\n<td width=\"300\">Pentru a preveni \u015fi detecta fraudele care v\u0103 vizeaz\u0103 at\u00e2t pe dumneavoastr\u0103, c\u00e2t \u015fi pe noi: cazuri nefericite, \u00eens\u0103 este absolut necesar.<\/td>\n<\/tr>\n<\/tbody>\n<\/table>\n<h6>Istoricul cererilor dumneavoastra<\/h6>\n<p>P\u0103str\u0103m exact ceea ce ne-a\u0163i cerut. De exemplu: la telefon sau pe canalele social media.<\/p>\n<table>\n<tbody>\n<tr>\n<td width=\"300\">Cum folosim istoricul cererilor dumneavoastr\u0103<\/td>\n<td width=\"300\">De ce?<\/td>\n<\/tr>\n<tr>\n<td width=\"300\">Pentru a putea solu\u0163iona cererile dumneavoastr\u0103 \u015fi a v\u0103 oferi suport.<\/td>\n<td width=\"300\">Trebuie sa p\u0103str\u0103m istoricul cererilor pentru a putea onora contractul \u00eencheiat cu dumneavoastr\u0103 \u015fi a v\u0103 oferi cel mai bun&nbsp;<em>customer support<\/em>.<\/td>\n<\/tr>\n<tr>\n<td width=\"300\">Pentru a face training cu angaja\u0163ii no\u015ftri<\/td>\n<td width=\"300\">Astfel \u00eenc\u00e2t, atunci c\u00e2nd ne contacta\u0163i ca s\u0103 primi\u0163i suportul pe care \u00eel a\u015ftepta\u0163i, angaja\u0163ii no\u015ftri s\u0103 solu\u0163ioneze cererile dumneavoastr\u0103 \u00een cel mai operativ mod posibil.<\/td>\n<\/tr>\n<\/tbody>\n<\/table>\n<h6>Istoricul de cump\u0103r\u0103turi \u015fi al produselor salvate \u00een co\u015f<\/h6>\n<p>Ceea ce a\u0163i cump\u0103rat sau rezervat \u015fi ce a\u0163i p\u0103strat \u00een co\u015f pentru o achizi\u0163ie viitoare sau pentru compara\u0163ie<\/p>\n<table>\n<tbody>\n<tr>\n<td width=\"300\">Cum folosim istoricul de cump\u0103r\u0103turi \u015fi al produselor salvate \u00een co\u015f<\/td>\n<td width=\"300\">De ce?<\/td>\n<\/tr>\n<tr>\n<td width=\"300\">Pentru a v\u0103 putea vinde produsele ad\u0103ugate \u00een co\u015f<\/td>\n<td width=\"300\">&nbsp;Pentru a putea executa contractul \u00eencheiat cu dumneavoastr\u0103: dac\u0103 nu pute\u0163i ad\u0103uga \u00een co\u015f produse, nu le pute\u0163i cump\u0103ra.<\/td>\n<\/tr>\n<tr>\n<td width=\"300\">Pentru a putea oferi suport \u015fi a putea procesa retururile.<\/td>\n<td width=\"300\">Pentru a putea onora contractul \u00eencheiat cu dumneavoastr\u0103.<\/td>\n<\/tr>\n<tr>\n<td width=\"300\">Pentru a afla preferin\u0163ele dumneavoastr\u0103 \u015fi ale altor clien\u0163i.<\/td>\n<td width=\"300\">Pentru a ne asigura c\u0103 v\u0103 oferim exact ceea ce dori\u0163i \u015fi pentru a fi mereu cu un pas \u00eenaintea competi\u0163iei.<\/td>\n<\/tr>\n<\/tbody>\n<\/table>\n<p>Informa\u0163ii despre telefonul sau laptopul dumneavoastr\u0103 \u015fi modalitatea \u00een care folosi\u0163i site-urile noastre: adresa IP, tipul dispozitivului electronic \u015fi istoricul de browsing<\/p>\n<table>\n<tbody>\n<tr>\n<td width=\"300\">Cum folosim informa\u0163iile despre telefonul, laptopul dumneavoastr\u0103 \u015fi modalitatea \u00een care folosi\u0163i site-urile noastre<\/td>\n<td width=\"300\">De ce?<\/td>\n<\/tr>\n<tr>\n<td width=\"300\">Pentru a ne \u00eembun\u0103t\u0103\u0163i constant site-urile.<\/td>\n<td width=\"300\">Pentru a v\u0103 putea oferi cea mai bun\u0103 experien\u0163\u0103 de cump\u0103r\u0103turi.<\/td>\n<\/tr>\n<tr>\n<td width=\"300\">Pentru a ne proteja site-urile<\/td>\n<td width=\"300\">Pentru a preveni \u015fi detecta tentativele de fraud\u0103 s\u0103v\u00e2r\u015fite cu privire la dumneavoastr\u0103 \u015fi la compania noastr\u0103. Pentru a ne \u00eendeplini obliga\u0163iile legale de a v\u0103 proteja datele cu caracter personal.<\/td>\n<\/tr>\n<\/tbody>\n<\/table>\n<h6>R\u0103spunsurile la chestionare, concursuri sau promo\u0163ii<\/h6>\n<table>\n<tbody>\n<tr>\n<td width=\"300\">&nbsp;Cum folosim r\u0103spunsurile la tombole, concursuri sau promo\u0163ii<\/td>\n<td width=\"300\">De ce?<\/td>\n<\/tr>\n<tr>\n<td width=\"300\">Pentru a organiza tombola, concursul sau promo\u0163ia, conform regulamentului public.<\/td>\n<td width=\"300\">&nbsp;Pentru a ne asigura c\u0103 ne respectam obliga\u0163iile asumate fa\u0163\u0103 de tine. Dac\u0103 nu putem folosi r\u0103spunsurile tale, nu putem desemna c\u00e2\u015ftig\u0103torii.<\/td>\n<\/tr>\n<\/tbody>\n<\/table>\n<p>Nu sunte\u0163i obligat s\u0103 ne furniza\u0163i datele dumneavoastr\u0103 cu caracter personal, \u00eens\u0103 dac\u0103 nu face\u0163i acest lucru nu ve\u0163i putea cump\u0103ra sau rezerva direct de pe site-urile noastre \u015fi este posibil s\u0103 nu beneficia\u0163i de cea mai bun\u0103 experien\u0163\u0103 online. Este exclusiv decizia dumneavoastr\u0103 \u015fi o respect\u0103m.<\/p>\n<p>V\u0103 asigur\u0103m c\u0103 anonimiz\u0103m \u015fi agreg\u0103m informa\u0163iile dumneavoastr\u0103 cu caracter personal (ca s\u0103 nu pute\u0163i fi identificat) \u015fi le folosim pentru a testa sistemele IT pe care le utiliz\u0103m, pentru a \u00eembun\u0103t\u0103\u0163i experien\u0163a oferit\u0103 de site-urile noastre \u015fi pentru a dezvolta noi produse \u015fi alte servicii conexe.<\/p>\n<h5><strong>CE DATE COLECT\u0102M CU AJUTORUL COOKIE-URILOR DIN SITE-URILE NOASTRE<\/strong><\/h5>\n<p>Setam&nbsp;<em>cookie<\/em>-uri pe calculatorul dumneavoastr\u0103 pentru:<\/p>\n<ul>\n<li>a re\u021bine dac\u0103 sunte\u021bi logat \u00een contul dumneavoastr\u0103 din siteuri<\/li>\n<li>a re\u021bine dac\u0103 sunte\u021bi vizitator nou sau recurent \u0219i ce pagini a\u021bi vizitat \u00een siteuri<\/li>\n<li>a re\u021bine dac\u0103 v-am afi\u0219at op\u021biunea de a va abona la newsletterele noastre<\/li>\n<\/ul>\n<h6>MAI MULTE DESPRE<em>COOKIE<\/em>-URI<\/h6>\n<p>Dac\u0103 l\u0103sa\u021bi un comentariu pe situl nostru, pute\u021bi opta pentru salvarea \u00een&nbsp;<em>cookie<\/em>-uri a numelui, adresei de email \u0219i sitului dumneavoastr\u0103 web. Acestea sunt pentru confortul dumneavoastr\u0103 , astfel nu mai trebuie s\u0103 le completa\u021bi din nou c\u00e2nd l\u0103sa\u021bi un alt comentariu. Aceste&nbsp;<em>cookie<\/em>-uri vor fi valabile un an.<\/p>\n<p>Dac\u0103 ave\u021bi un cont \u0219i v\u0103 autentifica\u021bi \u00een acest sit, vom seta un cookie temporar pentru a determina dac\u0103 navigatorul dumneavoastr\u0103 accept\u0103&nbsp;<em>cookie<\/em>-uri. Acest&nbsp;<em>cookie<\/em>&nbsp;nu con\u021bine date personale \u0219i este eliminat c\u00e2nd \u00eenchide\u021bi navigatorul.<\/p>\n<p>C\u00e2nd v\u0103 autentifica\u021bi, vom seta \u0219i c\u00e2teva cookie-uri pentru a v\u0103 salva informa\u021biile de autentificare \u0219i op\u021biunile de afi\u0219are pe ecran.&nbsp;<em>Cookie<\/em>-urile de autentificare sunt p\u0103strate dou\u0103 zile, iar cele pentru op\u021biuni de afi\u0219are pe ecran sunt p\u0103strate un an. Dac\u0103 selecta\u021bi \u201e\u021aine-m\u0103 minte\u201d,&nbsp;<em>cookie<\/em>-urile dumneavoastr\u0103 de autentificare vor fi p\u0103strate dou\u0103 s\u0103pt\u0103m\u00e2ni. Dac\u0103 v\u0103 dezautentifica\u021bi din cont,&nbsp;<em>cookie<\/em>-urile de autentificare vor fi eliminate.<\/p>\n<p>Dac\u0103 edita\u021bi sau publica\u021bi un articol, un&nbsp;<em>cookie<\/em>&nbsp;suplimentar va fi salvat \u00een navigatorul dumneavoastr\u0103. Acest&nbsp;<em>cookie<\/em>&nbsp;nu include date personale \u0219i indic\u0103 pur \u0219i simplu ID-ul articolului pe care tocmai l-a\u021bi editat. El expir\u0103 dup\u0103 1 zi.<\/p>\n<h5>CON\u021aINUT \u00ceNGLOBAT DE PE ALTE WEBSITE-URI<\/h5>\n<p>Paginile din acest website pot include con\u021binut \u00eenglobat (de exemplu, video-uri, imagini, articole etc.). Con\u021binutul \u00eenglobat de pe alte website-uri se comporta exact la fel ca \u0219i cum vizitatorii au vizualizat un alt website.<\/p>\n<p>Aceste website-uri pot s\u0103 colecteze date despre dumneavoastr\u0103, s\u0103 foloseasc\u0103&nbsp;<em>cookie<\/em>-uri, s\u0103 \u00eenglobeze urm\u0103rirea suplimentar\u0103 a ter\u021bilor \u0219i s\u0103 v\u0103 monitorizeze interac\u021biunea cu con\u021binutul \u00eenglobat, inclusiv s\u0103 v\u0103 urm\u0103reasc\u0103 interac\u021biunea cu con\u021binutul \u00eenglobat dac\u0103 ave\u021bi un cont \u0219i sunte\u021bi autentificat \u00een acel website-uri.<\/p>\n<h5><strong>C\u00c2T TIMP V\u0102 P\u0102STR\u0102M DATELE<\/strong><\/h5>\n<p>Vom p\u0103stra informa\u0163iile cu caracter personal furnizate de c\u0103tre dumneavoastr\u0103 c\u00e2t timp ave\u0163i cont pe site-urile noastre, pentru timpul necesar onor\u0103rii rezerv\u0103rilor \u0219i comenzilor plasate de dumneavoastr\u0103 sau, \u00een cazul \u00een care contacta\u0163i departamentul rela\u0163ii cu clien\u0163ii, pentru intervalul necesar proces\u0103rii cererilor dumneavoastr\u0103.<\/p>\n<p>Dac\u0103 a\u0163i completat formularul de confirmare consim\u0163\u0103m\u00e2nt trimis pe e-mail, v\u0103 inform\u0103m c\u0103 p\u0103str\u0103m informa\u0163iile oferite pentru o perioad\u0103 nedeterminat\u0103.<\/p>\n<p>Datele care sunt solicitate de c\u0103tre autorit\u0103\u0163ile rom\u00e2ne pot fi p\u0103strate, pentru respectarea obliga\u0163iilor legale \u00een rela\u0163ie cu compania noastr\u0103, chiar dac\u0103 contul dumneavoastr\u0103 de utilizator a fost \u00eenchis.<\/p>\n<p>Dac\u0103 l\u0103sa\u021bi un comentariu, comentariul \u0219i metadatele lui sunt p\u0103strate pe o perioad\u0103 nedeterminat\u0103. A\u0219a putem recunoa\u0219te \u0219i aproba automat toate comentariile urm\u0103toare \u00een loc s\u0103 le \u021binem \u00eentr-o coad\u0103 pentru moderare.<\/p>\n<p>Pentru utilizatorii (dac\u0103 exist\u0103) care se \u00eenregistreaz\u0103 pe situl nostru web, stoc\u0103m \u0219i informa\u021biile personale pe care le furnizeaz\u0103 \u00een profilul lor de utilizator. To\u021bi utilizatorii \u00ee\u0219i pot vedea, edita sau \u0219terge informa\u021biile personale oric\u00e2nd (dar nu \u00ee\u0219i pot schimba numele de utilizator). De asemenea, administratorii website-ului pot vedea \u0219i edita aceste informa\u021bii.<\/p>\n<h5><strong>CE DREPTURI AVE\u021aI ASUPRA DATELOR DUMNEAVOASTR\u0102<\/strong><\/h5>\n<p>Conform noului&nbsp;<a href=\"https:\/\/noblessehotel.ro\/media\/regulament-gdpr.pdf\">Regulament pentru Protec\u0163ia Datelor cu Caracter Personal<\/a>, ave\u0163i urm\u0103toarele drepturi:<\/p>\n<p>Dreptul de a fi informat cu privire la modalitatea \u00een care datele dumneavoastr\u0103 cu caracter personal sunt utilizate (cum ar fi aceast\u0103 pagin\u0103).<\/p>\n<p>Dreptul de a accesa datele personale pe care le avem despre dumneavoastr\u0103.<\/p>\n<p>Dreptul de a solicita corectarea informa\u0163iilor eronate pe care le avem despre dumneavoastr\u0103.<\/p>\n<p>Dreptul de a solicita \u015ftergerea datelor dumneavoastr\u0103, de a \u00eenceta procesarea sau colectarea datelor cu caracter personal, \u00een anumite circumstan\u0163e.<\/p>\n<p>Dreptul de a opri comunic\u0103rile de marketing prin newsletter (lucru pe care \u00eel pute\u0163i face folosind op\u0163iunea de dezabonare, afi\u015fat\u0103 \u00een footerul fiec\u0103rui mail de acest tip, precum \u015fi pagina dedicat\u0103 dezabon\u0103rii din site-urile noastre) sau prin telefon (\u00eel pute\u0163i face contact\u00e2ndu-ne la datele de contact men\u0163ionate mai jos).<\/p>\n<p>Dreptul de a solicita transferul sau portarea datelor c\u0103tre dumneavoastr\u0103 sau un alt furnizor de servicii.<\/p>\n<p>Dreptul de a semnala autorit\u0103\u0163ilor \u00eenc\u0103lcarea drepturilor prev\u0103zute de catre Noul Regulament pentru Protec\u0163ia Datelor cu Caracter Personal \u2013 autoritatea de reglementare \u00een Romania este: Autoritatea Na\u0163ional\u0103 de Supraveghere a Prelucr\u0103rii Datelor cu Caracter Personal (<a href=\"http:\/\/www.dataprotection.ro\/\">http:\/\/www.dataprotection.ro\/<\/a>)<\/p>\n<p>Practic, dac\u0103 ave\u021bi un cont sau a\u021bi l\u0103sat comentarii pe acest website, pute\u021bi cere s\u0103 primi\u021bi un fi\u0219ier de export cu datele personale pe care le de\u021binem despre dumneavoastr\u0103, inclusiv toate datele pe care ni le-a\u021bi furnizat. De asemenea, ne pute\u021bi cere s\u0103 \u0219tergem toate datele personale pe care le de\u021binem despre dumneavoastr\u0103. Acestea nu includ toate datele pe care suntem obliga\u021bi s\u0103 le p\u0103str\u0103m \u00een scopuri administrative, juridice sau de securitate.<\/p>\n<p>Comentariile vizitatorilor pot fi verificate printr-un serviciu automat de detectare a spamului.<\/p>\n<h5><strong>MESAJE DE MARKETING<\/strong><\/h5>\n<p>Dac\u0103 ne-a\u0163i confirmat acordul, este posibil s\u0103 v\u0103 trimitem mesaje de marketing prin e-mail, SMS, telefon sau cataloage \u015fi exemplare de lectur\u0103 prin curier, pentru a ne asigura c\u0103 dorin\u0163ele dumneavoastr\u0103 sunt respectate \u015fi sunte\u0163i la curent cu toate nout\u0103\u0163ile \u015fi ofertele noastre.<\/p>\n<p>Cum pute\u0163i opri recep\u0163ionarea mesajelor de marketing din partea noastr\u0103:<\/p>\n<ul>\n<li>contact\u00e2nd echipa noastr\u0103 de asisten\u0163\u0103 clien\u0163i prin formularul din pagina de contact;<\/li>\n<li>trimi\u0163\u00e2nd un e-mail la adresa&nbsp;info@noblessehotel.ro, preciz\u00e2nd cerin\u0163ele dumneavoastr\u0103;<\/li>\n<li>folosind op\u0163iunea de dezabonare prezent\u0103 \u00een footerul fiec\u0103rui newsletter.<\/li>\n<\/ul>\n<p>V\u0103 rug\u0103m s\u0103 \u0163ine\u0163i cont de faptul c\u0103 este posibil ca cererile dumneavoastr\u0103 s\u0103 fie procesate \u00een c\u00e2teva zile.<\/p>\n<p>Faptul c\u0103 a\u0163i optat s\u0103 nu mai recep\u0163iona\u0163i mesaje de marketing nu afecteaz\u0103 celelalte comunic\u0103ri cu noi: mailurile de confirmare pentru comenzile plasate, abonarea la alerte de disponibitate ale produselor.<\/p>\n","protected":false},"excerpt":{"rendered":"<p>SC NOBLESSE BOUTIQUE SRL garanteaza confidentialitatea datelor personale. Datele personale introduse de catre cumparator vor fi folosite numai in scopul [&hellip;]<\/p>\n","protected":false},"author":1,"featured_media":0,"parent":0,"menu_order":0,"comment_status":"closed","ping_status":"open","template":"","meta":{"footnotes":""},"class_list":["post-3342","page","type-page","status-publish","hentry"],"_links":{"self":[{"href":"https:\/\/noblessehotel.ro\/en\/wp-json\/wp\/v2\/pages\/3342"}],"collection":[{"href":"https:\/\/noblessehotel.ro\/en\/wp-json\/wp\/v2\/pages"}],"about":[{"href":"https:\/\/noblessehotel.ro\/en\/wp-json\/wp\/v2\/types\/page"}],"author":[{"embeddable":true,"href":"https:\/\/noblessehotel.ro\/en\/wp-json\/wp\/v2\/users\/1"}],"replies":[{"embeddable":true,"href":"https:\/\/noblessehotel.ro\/en\/wp-json\/wp\/v2\/comments?post=3342"}],"version-history":[{"count":2,"href":"https:\/\/noblessehotel.ro\/en\/wp-json\/wp\/v2\/pages\/3342\/revisions"}],"predecessor-version":[{"id":3599,"href":"https:\/\/noblessehotel.ro\/en\/wp-json\/wp\/v2\/pages\/3342\/revisions\/3599"}],"wp:attachment":[{"href":"https:\/\/noblessehotel.ro\/en\/wp-json\/wp\/v2\/media?parent=3342"}],"curies":[{"name":"wp","href":"https:\/\/api.w.org\/{rel}","templated":true}]}}