{"id":3340,"date":"2020-06-05T22:53:24","date_gmt":"2020-06-05T22:53:24","guid":{"rendered":"https:\/\/noblessehotel.ro\/termeni-si-conditii\/"},"modified":"2023-03-18T00:28:12","modified_gmt":"2023-03-18T00:28:12","slug":"terms-conditions","status":"publish","type":"page","link":"https:\/\/noblessehotel.ro\/en\/terms-conditions\/","title":{"rendered":"Terms &#038; Conditions"},"content":{"rendered":"<p><style>h3,h4{margin-top:50px!important}<\/style>\n<\/p>\n<h3>Condi\u0163ii de utilizare<\/h3>\n<p>Utilizarea acestui website implic\u0103 acceptarea acestor termeni \u015fi condi\u0163ii. Noblesse Boutique \u00ee\u015fi rezerv\u0103 dreptul de a modifica prezenta form\u0103 a termenilor \u015fi condi\u0163iilor f\u0103r\u0103 o notificare prealabil\u0103.<\/p>\n<h4>Generalit\u0103\u0163i<\/h4>\n<p>SC Noblesse Boutique SRL men\u0163ine \u015fi opereaz\u0103 acest site (adic\u0103 site-ul www.noblessehotel.ro) pentru prezentarea \u015fi comercializarea serviciilor de cazare \u00een regim hotelier \u0219i produselor din sec\u021biunea <em>Marketplace<\/em>, acceptarea comenzilor pentru aceste produse \u0219i rezerv\u0103rilor pentru aceste servicii sau doar pentru a l\u0103sa vizitatorii (adic\u0103 orice persoan\u0103 conectat\u0103 la internet) s\u0103 studieze oferta noastr\u0103.<\/p>\n<p><strong>Datele de identificare:<\/strong><\/p>\n<p>SC Noblesse Boutique SRL<br \/>Cod fiscal: RO 13829036; J32\/210\/2001<br \/>Adresa: str. Bl\u0103narilor, nr. 17, Sibiu, Rom\u00e2nia<br \/>Tel\/Fax: 0369 418 000<br \/>Email: info@noblessehotel.ro<br \/>Website: www.noblessehotel.ro<\/p>\n<h4>Drepturi de proprietate intelectual\u0103<\/h4>\n<p>Con\u0163inutul noblessehotel.ro este proprietatea Noblesse Boutique Villa, a colaboratorilor \u0219i furnizorilor s\u0103i, \u015fi este ap\u0103rat de Legea privind dreptul de autor \u0219i drepturile conexe. Folosirea f\u0103r\u0103 acordul prealabil a oric\u0103ror din elementele constitutive ale con\u0163inutului noblessehotel.ro se pedepse\u015fte conform legisla\u021biei \u00een vigoare.<\/p>\n<p>Denumirea, sigla \u0219i elementele care descriu denumirea sunt m\u0103rci \u00eenregistrate \u015fi protejate conform legisla\u021biei privind proprietatea intelectual\u0103 \u0219i industrial\u0103.<\/p>\n<p>Am fost foarte aten\u0163i \u00een selectarea materialelor care apar pe site-ul noblessehotel.ro. Dac\u0103 totu\u015fi ave\u0163i motive s\u0103 considera\u0163i c\u0103 s-au \u00eenc\u0103lcat drepturile de autor pe care le ave\u0163i vizavi de con\u0163inutul site-ului noblessehotel.ro, v\u0103 rug\u0103m s\u0103 ne scrie\u0163i la adresa de email: info@noblessehotel.ro.<\/p>\n<p>Noblesse Boutique monitorizeaz\u0103 permanent internet-ul, ofertele altor companii, presa \u015fi alte surse de informa\u0163ie. \u00cen cazul \u00een care vom considera c\u0103 cineva, fie persoan\u0103 fizic\u0103 sau juridic\u0103, a \u00eenc\u0103lcat drepturile de autor pe care le avem asupra con\u0163inutului site-ului noblessehotel.ro, atunci vom ac\u0163iona cu toate mijloacele legale pentru recuperarea prejudiciilor aduse de respectiva persoan\u0103 sau societate.<\/p>\n<p>Informa\u021biile de orice fel \u0219i datele de prezentare pentru serviciile \u0219i produsele incluse pe noblessehotel.ro au caracter informativ. \u00cen cazul \u00een care vreo informa\u021bie sau vreun articol intr\u0103 sub inciden\u021ba Legii privind dreptul de autor \u0219i drepturile conexe, v\u0103 rug\u0103m s\u0103 ne aduce\u021bi la cuno\u0219tin\u021b\u0103 acest fapt la adresa info@noblessehotel.ro.<\/p>\n<p>Responsabilitatea pentru con\u021bi\u00adnutul fiec\u0103rui articol publicat, conform legisla\u021biei \u00een vigoare, revine exclusiv autorilor.<\/p>\n<p>Noblesse Boutique \u00ee\u0219i rezerva dreptul de a \u0219terge\/edita orice comentariu \u0219i de a interzice postarea comentariilor care dep\u0103\u0219esc limitele limbajului civilizat, comit atacuri la persoan\u0103 precum comentariile cu tent\u0103 antisocial\u0103, caracter rasist sau xenofob.<\/p>\n<h4>Accesul<\/h4>\n<p>Se interzice \u00een mod expres:<br \/>\u2013 accesarea website-ului www.noblessehotel.ro de c\u0103tre dispozitive sau programe automate sau copierea manual\u0103 a con\u0163inutului;<br \/>\u2013 citarea con\u021binutului de c\u0103tre companii sau site-uri pentru a compara sau analiza \u00een vreun fel con\u0163inutul website-ului noblessehotel.ro.<\/p>\n<p>De asemenea, este interzis\u0103 folosirea link-urilor c\u0103tre website-ul noblessehotel.ro prin care con\u0163inutul acestuia apare deformat sau incomplet.<\/p>\n<h4>Condi\u0163ii legale<\/h4>\n<p>Noblesse Boutique \u2013 noblessehotel.ro func\u0163ioneaz\u0103 conform tuturor prevederilor legale \u00een vigoare ale Statului Rom\u00e2n.<\/p>\n<h4>Dispute \u015fi conflicte<\/h4>\n<p>Orice tentativ\u0103 de acces neautorizat la website-ul noblessehotel.ro \u015fi orice \u00eencercare de fraud\u0103 vor fi raportate autorit\u0103\u0163ilor competente. Orice conflict ap\u0103rut se \u00eencerc\u0103 a fi rezolvat pe cale amiabil\u0103 prin \u00een\u0163elegere \u00eentre cele dou\u0103 p\u0103r\u0163i. \u00cen cazul \u00een care acest lucru nu este posibil, se vor aplica prevederile legale din acest domeniu, iar solu\u0163ionarea conflictelor este de compenten\u0163a instan\u0163elor rom\u00e2ne\u015fti. Fiind de acord cu Termenii \u015fi Condi\u021biile, clientul \u00ee\u015fi asum\u0103 \u00een totalitate aceste riscuri.<\/p>\n","protected":false},"excerpt":{"rendered":"<p>Condi\u0163ii de utilizare Utilizarea acestui website implic\u0103 acceptarea acestor termeni \u015fi condi\u0163ii. Noblesse Boutique \u00ee\u015fi rezerv\u0103 dreptul de a modifica [&hellip;]<\/p>\n","protected":false},"author":1,"featured_media":0,"parent":0,"menu_order":0,"comment_status":"closed","ping_status":"open","template":"","meta":{"footnotes":""},"class_list":["post-3340","page","type-page","status-publish","hentry"],"_links":{"self":[{"href":"https:\/\/noblessehotel.ro\/en\/wp-json\/wp\/v2\/pages\/3340"}],"collection":[{"href":"https:\/\/noblessehotel.ro\/en\/wp-json\/wp\/v2\/pages"}],"about":[{"href":"https:\/\/noblessehotel.ro\/en\/wp-json\/wp\/v2\/types\/page"}],"author":[{"embeddable":true,"href":"https:\/\/noblessehotel.ro\/en\/wp-json\/wp\/v2\/users\/1"}],"replies":[{"embeddable":true,"href":"https:\/\/noblessehotel.ro\/en\/wp-json\/wp\/v2\/comments?post=3340"}],"version-history":[{"count":1,"href":"https:\/\/noblessehotel.ro\/en\/wp-json\/wp\/v2\/pages\/3340\/revisions"}],"predecessor-version":[{"id":3601,"href":"https:\/\/noblessehotel.ro\/en\/wp-json\/wp\/v2\/pages\/3340\/revisions\/3601"}],"wp:attachment":[{"href":"https:\/\/noblessehotel.ro\/en\/wp-json\/wp\/v2\/media?parent=3340"}],"curies":[{"name":"wp","href":"https:\/\/api.w.org\/{rel}","templated":true}]}}