{"id":3335,"date":"2014-09-14T09:21:09","date_gmt":"2014-09-14T09:21:09","guid":{"rendered":"https:\/\/noblessehotel.ro\/restaurant\/"},"modified":"2024-05-29T20:44:07","modified_gmt":"2024-05-29T20:44:07","slug":"restaurant","status":"publish","type":"page","link":"https:\/\/noblessehotel.ro\/en\/restaurant\/","title":{"rendered":"Restaurant"},"content":{"rendered":"[vc_row][vc_column width=&#8221;1\/2&#8243;][vc_column_text]\n<h1 class=\"text-uppercase\">Old City <small>Restaurant<\/small><\/h1>\n<p class=\"lead\">Coming soon!<\/p>\n[\/vc_column_text][\/vc_column][vc_column width=&#8221;1\/2&#8243;][vc_images_carousel images=&#8221;2999&#8243; autoplay=&#8221;&#8221;][\/vc_column][\/vc_row][vc_row el_class=&#8221;hidden&#8221;][vc_column width=&#8221;1\/2&#8243;][vc_column_text]\n<h1 class=\"text-uppercase\">Old City <small>Restaurant<\/small><\/h1>\n<p class=\"lead\">The Old City restaurant welcomes its guests with a sensorial experience, befitted to a boutique villa or hotel, while its Scandinavian design makes it a perfect place to start up your day.<\/p>\n[\/vc_column_text][\/vc_column][vc_column width=&#8221;1\/2&#8243;][vc_images_carousel images=&#8221;2999&#8243; autoplay=&#8221;&#8221;][\/vc_column][\/vc_row][vc_row full_width=&#8221;stretch_row&#8221; parallax=&#8221;content-moving&#8221; position=&#8221;right top&#8221; css=&#8221;.vc_custom_1717015377475{background-image: url(https:\/\/noblessehotel.ro\/media\/mic-dejun.jpg?id=3005) !important;background-position: 0 0;background-repeat: no-repeat !important;}&#8221; el_class=&#8221;content-padding-xxl hidden&#8221;][vc_column width=&#8221;1\/2&#8243; el_class=&#8221;white-box content-padding&#8221;][vc_column_text el_class=&#8221;white-box content-padding&#8221; css=&#8221;.vc_custom_1606089725944{background-color: rgba(0,0,0,0.86) !important;*background-color: rgb(0,0,0) !important;}&#8221;]\n<h2>Breakfast<\/h2>\n<p>A good day always starts with a good breakfast. And, obviously, with a great coffee.<br \/>\nThis is why we pay a lot of attention to the first meal of the day. Our breakfast buffet has plenty of continental and local traditional options. You can choose from a variety of local products: cold meats and delicatessen, savory local cheeses, fresh fruits and vegetables.<br \/>\nAll accompanied, of course, by your favorite type of coffee: Americano, espresso or cappuccino. Whichever one you prefer, we can assure you will fully enjoy it in our quiet yard.[\/vc_column_text][\/vc_column][\/vc_row][vc_row full_width=&#8221;stretch_row&#8221; parallax=&#8221;content-moving&#8221; disable_element=&#8221;yes&#8221; position=&#8221;left top&#8221; el_class=&#8221;content-padding-xxl hidden&#8221; css=&#8221;.vc_custom_1717015436745{background-image: url(https:\/\/noblessehotel.ro\/media\/photodune-4308556-chef-m.jpg?id=3008) !important;}&#8221;][vc_column width=&#8221;1\/2&#8243; offset=&#8221;vc_col-sm-offset-6&#8243;][vc_column_text el_class=&#8221;white-box content-padding&#8221; css=&#8221;.vc_custom_1606089675784{background-color: rgba(0,0,0,0.86) !important;*background-color: rgb(0,0,0) !important;}&#8221;]\n<h2>\u00c0 LA CARTE<\/h2>\n<p>Our chefs are very passionate about exquisite food. And we must say we all support their dedication. Have a seat and choose from a great variety of pasta dishes, pizza, salads and desserts. Of course, we have plenty of options for vegetarians as well.<\/p>\n<p>Te invit\u0103m a\u015fadar s\u0103 iei loc \u015fi s\u0103 alegi din op\u0163iunile noastre de paste, pizza, salate sau deserturi. Desigur, avem \u015fi suficiente op\u0163iuni vegetariane. [\/vc_column_text][\/vc_column][\/vc_row][vc_row disable_element=&#8221;yes&#8221; el_class=&#8221;hidden&#8221;][vc_column width=&#8221;1\/2&#8243;][vc_column_text]\n<h2 class=\"text-center\" style=\"text-align: center;\"><span class='hotel-icon-003 hi-lg' ><\/span>\nOpen<\/h2>\n<p style=\"text-align: center;\">Breakfast: 7am &#8211; 11am<br \/>\nLunch: 6pm &#8211; 11pm<\/p>\n[\/vc_column_text][\/vc_column][vc_column width=&#8221;1\/2&#8243;][vc_column_text]\n<div class=\"text-center well content-padding\">\n<span class='hotel-icon-241 hi-3x color-primary hi-boxed' ><\/span>\n<h3><small>Call us!<\/small> (+4) 0369 418 000<\/h3>\n<p><small>Or email us at<br \/>\ninfo@noblessehotel.ro<\/small><\/div>\n[\/vc_column_text][\/vc_column][\/vc_row]\n","protected":false},"excerpt":{"rendered":"<p>[vc_row][vc_column width=&#8221;1\/2&#8243;][vc_column_text] Old City Restaurant Coming soon! [\/vc_column_text][\/vc_column][vc_column width=&#8221;1\/2&#8243;][vc_images_carousel images=&#8221;2999&#8243; autoplay=&#8221;&#8221;][\/vc_column][\/vc_row][vc_row el_class=&#8221;hidden&#8221;][vc_column width=&#8221;1\/2&#8243;][vc_column_text] Old City Restaurant The Old City restaurant [&hellip;]<\/p>\n","protected":false},"author":1,"featured_media":0,"parent":0,"menu_order":0,"comment_status":"closed","ping_status":"open","template":"","meta":{"footnotes":""},"class_list":["post-3335","page","type-page","status-publish","hentry"],"_links":{"self":[{"href":"https:\/\/noblessehotel.ro\/en\/wp-json\/wp\/v2\/pages\/3335"}],"collection":[{"href":"https:\/\/noblessehotel.ro\/en\/wp-json\/wp\/v2\/pages"}],"about":[{"href":"https:\/\/noblessehotel.ro\/en\/wp-json\/wp\/v2\/types\/page"}],"author":[{"embeddable":true,"href":"https:\/\/noblessehotel.ro\/en\/wp-json\/wp\/v2\/users\/1"}],"replies":[{"embeddable":true,"href":"https:\/\/noblessehotel.ro\/en\/wp-json\/wp\/v2\/comments?post=3335"}],"version-history":[{"count":4,"href":"https:\/\/noblessehotel.ro\/en\/wp-json\/wp\/v2\/pages\/3335\/revisions"}],"predecessor-version":[{"id":3647,"href":"https:\/\/noblessehotel.ro\/en\/wp-json\/wp\/v2\/pages\/3335\/revisions\/3647"}],"wp:attachment":[{"href":"https:\/\/noblessehotel.ro\/en\/wp-json\/wp\/v2\/media?parent=3335"}],"curies":[{"name":"wp","href":"https:\/\/api.w.org\/{rel}","templated":true}]}}