{"id":3329,"date":"2020-11-23T12:56:08","date_gmt":"2020-11-23T12:56:08","guid":{"rendered":"https:\/\/noblessehotel.ro\/spa\/"},"modified":"2020-11-23T19:23:53","modified_gmt":"2020-11-23T19:23:53","slug":"spa","status":"publish","type":"page","link":"https:\/\/noblessehotel.ro\/en\/spa\/","title":{"rendered":"Spa"},"content":{"rendered":"[vc_row gap=&#8221;20&#8243;][vc_column width=&#8221;3\/5&#8243;][vc_column_text]\n<h5 class=\"text-uppercase\">RELAXATION &#038; AROMATHERAPY<\/h5>\n<p class=\"lead\">Our services would not be complete without those dedicated to pampering. Our spa treatments have been designed to provide our guests with an energy-saving and relaxing experience.<\/p>\n<p class=\"lead\">We use essential oils extracted from flowers, stems, leaves, tree bark, roots and other natural essences that are specially chosen to enjoy the most amazing scents. In our spa center you will completely relax using a number of other elements that stimulate the good mood specific to a traditional spa: aromatic sticks, hot teas, aerosols, creams and many other aromatic surprises.<\/p>\n[\/vc_column_text][\/vc_column][vc_column width=&#8221;2\/5&#8243;][vc_images_carousel images=&#8221;3149&#8243; onclick=&#8221;link_no&#8221; autoplay=&#8221;&#8221;][\/vc_column][\/vc_row][vc_row full_width=&#8221;stretch_row&#8221; parallax=&#8221;content-moving&#8221; position=&#8221;right top&#8221; css=&#8221;.vc_custom_1606136126758{background-image: url(https:\/\/noblessehotel.ro\/media\/Spa-Sibiu.jpg?id=3153) !important;background-position: 0 0;background-repeat: no-repeat !important;}&#8221; el_class=&#8221;content-padding-xxl&#8221;][vc_column width=&#8221;1\/4&#8243;][\/vc_column][vc_column width=&#8221;1\/2&#8243;][vc_column_text el_class=&#8221;white-box content-padding&#8221; css=&#8221;.vc_custom_1606136152001{background-color: rgba(0,0,0,0.86) !important;*background-color: rgb(0,0,0) !important;}&#8221;]\n<h2 style=\"text-align: center;\">Coming soon!<\/h2>\n[\/vc_column_text][\/vc_column][vc_column width=&#8221;1\/4&#8243;][\/vc_column][\/vc_row][vc_row][vc_column][vc_column_text]\n<h3 class=\"text-center\" style=\"text-align: center;\"><span class='hotel-icon-003 hi-lg' ><\/span>\nWOULD YOU LIKE TO KNOW WHEN THE SPA WILL BE OPEN?<\/h3>\n<p style=\"text-align: center;\">\u00centotdeauna facem tot posibilul ca experien\u021bele tale \u00een timpul \u0219ederii la Noblesse Boutique Hotel s\u0103 fie c\u00e2t mai pl\u0103cute.<br \/>\n\u0218i pentru a afla c\u00e2nd se va deschide noul nostru spa, te rug\u0103m s\u0103 ne contactezi la recep\u021bie:<\/p>\n<p style=\"text-align: center;\">(+4) 0369 418 000<br \/>\ninfo@noblessehotel.ro<\/p>\n[\/vc_column_text][\/vc_column][\/vc_row]\n","protected":false},"excerpt":{"rendered":"<p>[vc_row gap=&#8221;20&#8243;][vc_column width=&#8221;3\/5&#8243;][vc_column_text] RELAXATION &#038; AROMATHERAPY Our services would not be complete without those dedicated to pampering. Our spa treatments [&hellip;]<\/p>\n","protected":false},"author":1,"featured_media":0,"parent":0,"menu_order":0,"comment_status":"closed","ping_status":"open","template":"","meta":{"footnotes":""},"class_list":["post-3329","page","type-page","status-publish","hentry"],"_links":{"self":[{"href":"https:\/\/noblessehotel.ro\/en\/wp-json\/wp\/v2\/pages\/3329"}],"collection":[{"href":"https:\/\/noblessehotel.ro\/en\/wp-json\/wp\/v2\/pages"}],"about":[{"href":"https:\/\/noblessehotel.ro\/en\/wp-json\/wp\/v2\/types\/page"}],"author":[{"embeddable":true,"href":"https:\/\/noblessehotel.ro\/en\/wp-json\/wp\/v2\/users\/1"}],"replies":[{"embeddable":true,"href":"https:\/\/noblessehotel.ro\/en\/wp-json\/wp\/v2\/comments?post=3329"}],"version-history":[{"count":0,"href":"https:\/\/noblessehotel.ro\/en\/wp-json\/wp\/v2\/pages\/3329\/revisions"}],"wp:attachment":[{"href":"https:\/\/noblessehotel.ro\/en\/wp-json\/wp\/v2\/media?parent=3329"}],"curies":[{"name":"wp","href":"https:\/\/api.w.org\/{rel}","templated":true}]}}