{"id":3294,"date":"2020-11-23T00:20:06","date_gmt":"2020-11-23T00:20:06","guid":{"rendered":"https:\/\/noblessehotel.ro\/atractii-sibiu\/"},"modified":"2020-11-23T17:10:00","modified_gmt":"2020-11-23T17:10:00","slug":"tourist-attractions","status":"publish","type":"page","link":"https:\/\/noblessehotel.ro\/en\/tourism\/tourist-attractions\/","title":{"rendered":"Tourist attractions"},"content":{"rendered":"[vc_row][vc_column][vc_column_text]\n<h5>WELCOME TO SIBIU!<\/h5>\n<p>We promise you are going to fall in love with the charm of our medieval city and its surroundings.<\/p>\n<style>.list-inline {display:none!important;}<\/style>\n[\/vc_column_text]<ul class=\"list-inline isotope-filter clearfix\" id=\"isotope-filter-1\"><li><strong>Filtreaz\u0103 evenimentele<\/strong><\/li><li class=\"selected\" data-filter=\"*\"><a href=\"#\">Toate evenimentele<\/a><\/li><li><a href=\"#\" data-filter=\".festival\">Festival<\/a><\/li><li><a href=\"#\" data-filter=\".muzica\"> Muzic\u0103<\/a><\/li><li><a href=\"#\" data-filter=\".teatru\"> Teatru<\/a><\/li><li><a href=\"#\" data-filter=\".film\"> Film<\/a><\/li><li><a href=\"#\" data-filter=\".expozitii\"> Expozi\u021bii<\/a><\/li><\/ul><br><div id=\"isotope-1\" class=\"isotope\" data-isotope-options=\"{ \"layoutMode\": \"horizontal\", \"itemSelector\": \".item\" }\"><div class=\"item biserici cetati\">\n  <a href=\"#\" class=\"link-image\" target=\"_self\"><img loading=\"lazy\" decoding=\"async\" width=\"750\" height=\"501\" src=\"https:\/\/noblessehotel.ro\/media\/Biertan-Transilvania.jpg\" class=\"attachment-large size-large\" alt=\"\" srcset=\"https:\/\/noblessehotel.ro\/media\/Biertan-Transilvania.jpg 980w, https:\/\/noblessehotel.ro\/media\/Biertan-Transilvania-300x200.jpg 300w, https:\/\/noblessehotel.ro\/media\/Biertan-Transilvania-768x513.jpg 768w\" sizes=\"(max-width: 750px) 100vw, 750px\" \/><\/a>    <div class=\"item-content\">\n    <h4><a href=\"#\" target=\"_self\">BIERTAN FORTIFIED CHURCH<\/a><\/h4>    Biertan was first attested in 1283. Its fortified evangelic church was built in the 12th century and is included in UNESCO`s patrimony.  <\/div>\n  <\/div>\n<div class=\"item biserici cetati\">\n  <a href=\"#\" class=\"link-image\" target=\"_self\"><img loading=\"lazy\" decoding=\"async\" width=\"750\" height=\"534\" src=\"https:\/\/noblessehotel.ro\/media\/Fortified-church-Cisnadioara-Transilvania.jpg\" class=\"attachment-large size-large\" alt=\"\" srcset=\"https:\/\/noblessehotel.ro\/media\/Fortified-church-Cisnadioara-Transilvania.jpg 980w, https:\/\/noblessehotel.ro\/media\/Fortified-church-Cisnadioara-Transilvania-300x214.jpg 300w, https:\/\/noblessehotel.ro\/media\/Fortified-church-Cisnadioara-Transilvania-768x547.jpg 768w\" sizes=\"(max-width: 750px) 100vw, 750px\" \/><\/a>    <div class=\"item-content\">\n    <h4><a href=\"#\" target=\"_self\">CISN\u0102DIOARA FORTIFIED CHURCH<\/a><\/h4>    Here you can admire the oldest working tube organ in Transylvania and the ethnographic exhibition presenting clothing, ceramics and woodwork manufactured by the Transylvanian Saxons.  <\/div>\n  <\/div>\n<div class=\"item cetati\">\n  <a href=\"#\" class=\"link-image\" target=\"_self\"><img loading=\"lazy\" decoding=\"async\" width=\"750\" height=\"563\" src=\"https:\/\/noblessehotel.ro\/media\/sighisoara.jpg\" class=\"attachment-large size-large\" alt=\"\" srcset=\"https:\/\/noblessehotel.ro\/media\/sighisoara.jpg 1000w, https:\/\/noblessehotel.ro\/media\/sighisoara-300x225.jpg 300w, https:\/\/noblessehotel.ro\/media\/sighisoara-768x576.jpg 768w\" sizes=\"(max-width: 750px) 100vw, 750px\" \/><\/a>    <div class=\"item-content\">\n    <h4><a href=\"#\" target=\"_self\">SIGHI\u0218OARA STRONGHOLD<\/a><\/h4>    Sighi\u015foara stronghold was included in the UNESCO patrimony and it welcomes its visitors with a journey in the past. As one of the best preserved medieval cities in the world, Sighi\u015foara should definitely be visited for its unique charm.  <\/div>\n  <\/div>\n<div class=\"item natura\">\n  <a href=\"#\" class=\"link-image\" target=\"_self\"><img loading=\"lazy\" decoding=\"async\" width=\"750\" height=\"435\" src=\"https:\/\/noblessehotel.ro\/media\/Paltinis.jpg\" class=\"attachment-large size-large\" alt=\"\" srcset=\"https:\/\/noblessehotel.ro\/media\/Paltinis.jpg 776w, https:\/\/noblessehotel.ro\/media\/Paltinis-300x174.jpg 300w, https:\/\/noblessehotel.ro\/media\/Paltinis-768x445.jpg 768w\" sizes=\"(max-width: 750px) 100vw, 750px\" \/><\/a>    <div class=\"item-content\">\n    <h4><a href=\"#\" target=\"_self\">P\u0102LTINI\u0218<\/a><\/h4>    No matter the season, if you`re a mountain lover, hikes or winter sports, P\u0103ltini\u015f is the perfect place for you: it offers plenty of ski and snowboard options during winter and amazing trails for hikes during all other seasons.  <\/div>\n  <\/div>\n<div class=\"item natura\">\n  <a href=\"#\" class=\"link-image\" target=\"_self\"><img loading=\"lazy\" decoding=\"async\" width=\"500\" height=\"358\" src=\"https:\/\/noblessehotel.ro\/media\/Transfagarasan-Romania.jpg\" class=\"attachment-large size-large\" alt=\"\" srcset=\"https:\/\/noblessehotel.ro\/media\/Transfagarasan-Romania.jpg 500w, https:\/\/noblessehotel.ro\/media\/Transfagarasan-Romania-300x215.jpg 300w\" sizes=\"(max-width: 500px) 100vw, 500px\" \/><\/a>    <div class=\"item-content\">\n    <h4><a href=\"#\" target=\"_self\">TRANSALPINA &amp; TRANSF\u0102G\u0102R\u0102\u015eAN<\/a><\/h4>    If you visit Sibiu during summer, you must take a trip on of the most impressive roads in Europe. Located at a considerable altitude, both Transalpina and Transf\u0103g\u0103r\u0103\u015fan offer tourists spectacular views and a unique wild landscape.  <\/div>\n  <\/div>\n<div class=\"item biserici\">\n  <a href=\"#\" class=\"link-image\" target=\"_self\"><img loading=\"lazy\" decoding=\"async\" width=\"750\" height=\"417\" src=\"https:\/\/noblessehotel.ro\/media\/biserica-neagra.jpg\" class=\"attachment-large size-large\" alt=\"\" srcset=\"https:\/\/noblessehotel.ro\/media\/biserica-neagra.jpg 990w, https:\/\/noblessehotel.ro\/media\/biserica-neagra-300x167.jpg 300w, https:\/\/noblessehotel.ro\/media\/biserica-neagra-768x427.jpg 768w\" sizes=\"(max-width: 750px) 100vw, 750px\" \/><\/a>    <div class=\"item-content\">\n    <h4><a href=\"#\" target=\"_self\">BRA\u015eOV BLACK CHURCH<\/a><\/h4>    The iconic building in Bra\u015fov holds an impressive history. It hosts the largest oriental carpet collection in Europe, dating back to the 15th and 16 th centuries, and its tower holds the biggest mobile bell in Romania, weighing 6.000 kg.  <\/div>\n  <\/div>\n<div class=\"item cetati\">\n  <a href=\"#\" class=\"link-image\" target=\"_self\"><img loading=\"lazy\" decoding=\"async\" width=\"750\" height=\"558\" src=\"https:\/\/noblessehotel.ro\/media\/castelul-bran.jpg\" class=\"attachment-large size-large\" alt=\"\" srcset=\"https:\/\/noblessehotel.ro\/media\/castelul-bran.jpg 800w, https:\/\/noblessehotel.ro\/media\/castelul-bran-300x223.jpg 300w, https:\/\/noblessehotel.ro\/media\/castelul-bran-768x571.jpg 768w\" sizes=\"(max-width: 750px) 100vw, 750px\" \/><\/a>    <div class=\"item-content\">\n    <h4><a href=\"#\" target=\"_self\">BRAN CASTLE<\/a><\/h4>    Made famous by Bram Stocker's novel, Dracula, Bran Castle was initially a fortress built under the name of Dietrichstein, by the order of Teutonic Cavaliers in 1212. It was conquered by the Transylvanian Saxons towards the end of the 13the century.  <\/div>\n  <\/div>\n<div class=\"item cetati\">\n  <a href=\"#\" class=\"link-image\" target=\"_self\"><img loading=\"lazy\" decoding=\"async\" width=\"750\" height=\"443\" src=\"https:\/\/noblessehotel.ro\/media\/Corvin-Castle-Hunedoara-Romania.jpg\" class=\"attachment-large size-large\" alt=\"\" srcset=\"https:\/\/noblessehotel.ro\/media\/Corvin-Castle-Hunedoara-Romania.jpg 980w, https:\/\/noblessehotel.ro\/media\/Corvin-Castle-Hunedoara-Romania-300x177.jpg 300w, https:\/\/noblessehotel.ro\/media\/Corvin-Castle-Hunedoara-Romania-768x454.jpg 768w\" sizes=\"(max-width: 750px) 100vw, 750px\" \/><\/a>    <div class=\"item-content\">\n    <h4><a href=\"#\" target=\"_self\">CORVIN CASTLE<\/a><\/h4>    One of the most valuable monuments of medieval architecture, the Huniad castle was ranked 2nd as the world`s most frightening building. It was first attested by the beginning of the 14th century.  <\/div>\n  <\/div>\n<div class=\"item cetati\">\n  <a href=\"#\" class=\"link-image\" target=\"_self\"><img loading=\"lazy\" decoding=\"async\" width=\"635\" height=\"388\" src=\"https:\/\/noblessehotel.ro\/media\/Sarmisegetuza.jpg\" class=\"attachment-large size-large\" alt=\"\" srcset=\"https:\/\/noblessehotel.ro\/media\/Sarmisegetuza.jpg 635w, https:\/\/noblessehotel.ro\/media\/Sarmisegetuza-300x183.jpg 300w\" sizes=\"(max-width: 635px) 100vw, 635px\" \/><\/a>    <div class=\"item-content\">\n    <h4><a href=\"#\" target=\"_self\">SARMIZEGETUSA REGIA<\/a><\/h4>    The Dacian fortresses of the Or\u0103\u0219tie Mountains are found in the old province of Transylvania and lie on the administrative territory of the counties of Alba and Hunedoara. Together with the former capital of Dacia province, Sarmizegetusa Regia, the 6 Dacian fortresses in the Or\u0103\u0219tie Mountains are part of the Unesco World Heritage.  <\/div>\n  <\/div>\n<div class=\"item cetati biserici\">\n  <a href=\"#\" class=\"link-image\" target=\"_self\"><img loading=\"lazy\" decoding=\"async\" width=\"750\" height=\"381\" src=\"https:\/\/noblessehotel.ro\/media\/Medias.jpg\" class=\"attachment-large size-large\" alt=\"\" srcset=\"https:\/\/noblessehotel.ro\/media\/Medias.jpg 1024w, https:\/\/noblessehotel.ro\/media\/Medias-300x152.jpg 300w, https:\/\/noblessehotel.ro\/media\/Medias-768x390.jpg 768w\" sizes=\"(max-width: 750px) 100vw, 750px\" \/><\/a>    <div class=\"item-content\">\n    <h4><a href=\"#\" target=\"_self\">MEDIA\u0218 STRONGHOLD<\/a><\/h4>    Media\u015f is home to an amazing fortified church, surrounded by 3 levels of defense walls. It was built at the beginning of the 13th century, and the walls were added by the order of Matei Corvin, most likely between 1400 and 1534.  <\/div>\n  <\/div>\n<div class=\"item natura\">\n  <a href=\"#\" class=\"link-image\" target=\"_self\"><img loading=\"lazy\" decoding=\"async\" width=\"500\" height=\"268\" src=\"https:\/\/noblessehotel.ro\/media\/lacurile-de-la-ocna.jpg\" class=\"attachment-large size-large\" alt=\"\" srcset=\"https:\/\/noblessehotel.ro\/media\/lacurile-de-la-ocna.jpg 500w, https:\/\/noblessehotel.ro\/media\/lacurile-de-la-ocna-300x161.jpg 300w\" sizes=\"(max-width: 500px) 100vw, 500px\" \/><\/a>    <div class=\"item-content\">\n    <h4><a href=\"#\" target=\"_self\">OCNA SIBIULUI NATURAL LAKES<\/a><\/h4>    For an entire day of relaxation and revitalization, we recommend a trip to Ocna Sibiului, one of the most important and rich treatment centers in Romania.  <\/div>\n  <\/div>\n<div class=\"item cetati\">\n  <a href=\"#\" class=\"link-image\" target=\"_self\"><img loading=\"lazy\" decoding=\"async\" width=\"750\" height=\"500\" src=\"https:\/\/noblessehotel.ro\/media\/Castelul-de-Lut-Valea-Zanelor.jpg\" class=\"attachment-large size-large\" alt=\"\" srcset=\"https:\/\/noblessehotel.ro\/media\/Castelul-de-Lut-Valea-Zanelor.jpg 850w, https:\/\/noblessehotel.ro\/media\/Castelul-de-Lut-Valea-Zanelor-300x200.jpg 300w, https:\/\/noblessehotel.ro\/media\/Castelul-de-Lut-Valea-Zanelor-768x512.jpg 768w\" sizes=\"(max-width: 750px) 100vw, 750px\" \/><\/a>    <div class=\"item-content\">\n    <h4><a href=\"#\" target=\"_self\">THE CLAY CASTLE<\/a><\/h4>    One of Sibiu's magical places, the Clay Castle is a fairytale location. It was built using only natural construction materials and has become one of the most popular touristic attractions in the area.  <\/div>\n  <\/div>\n<\/div><script type='text\/javascript'>( function( $ ) { $( document ).ready(function() {\n\t\t\t\tvar container = $('#isotope-1')\n\t\t\t\tcontainer.imagesLoaded(function(){\n\t\t\t\t\tcontainer.isotope();\n\t\t\t\t\t$('#isotope-filter-1 a').on('click', function (e) {\n\t\t\t\t\t\te.preventDefault();\n\t\t\t\t\t\tvar filterValue = $(this).attr('data-filter');\n\t\t\t\t\t\t$('#isotope-1').isotope({ layoutMode: 'fitRows', filter: filterValue });\n\t\t\t\t\t\t$(this).parent().siblings().removeClass('selected');\n\t\t\t\t\t\t$(this).parent().addClass('selected');\n\t\t\t\t\t});\n\t\t\t\t});\n\t\t\t}); } )( jQuery );<\/script>[\/vc_column][\/vc_row]\n","protected":false},"excerpt":{"rendered":"<p>[vc_row][vc_column][vc_column_text] WELCOME TO SIBIU! We promise you are going to fall in love with the charm of our medieval city [&hellip;]<\/p>\n","protected":false},"author":1,"featured_media":3053,"parent":3312,"menu_order":0,"comment_status":"closed","ping_status":"open","template":"","meta":{"footnotes":""},"class_list":["post-3294","page","type-page","status-publish","has-post-thumbnail","hentry"],"_links":{"self":[{"href":"https:\/\/noblessehotel.ro\/en\/wp-json\/wp\/v2\/pages\/3294"}],"collection":[{"href":"https:\/\/noblessehotel.ro\/en\/wp-json\/wp\/v2\/pages"}],"about":[{"href":"https:\/\/noblessehotel.ro\/en\/wp-json\/wp\/v2\/types\/page"}],"author":[{"embeddable":true,"href":"https:\/\/noblessehotel.ro\/en\/wp-json\/wp\/v2\/users\/1"}],"replies":[{"embeddable":true,"href":"https:\/\/noblessehotel.ro\/en\/wp-json\/wp\/v2\/comments?post=3294"}],"version-history":[{"count":0,"href":"https:\/\/noblessehotel.ro\/en\/wp-json\/wp\/v2\/pages\/3294\/revisions"}],"up":[{"embeddable":true,"href":"https:\/\/noblessehotel.ro\/en\/wp-json\/wp\/v2\/pages\/3312"}],"wp:featuredmedia":[{"embeddable":true,"href":"https:\/\/noblessehotel.ro\/en\/wp-json\/wp\/v2\/media\/3053"}],"wp:attachment":[{"href":"https:\/\/noblessehotel.ro\/en\/wp-json\/wp\/v2\/media?parent=3294"}],"curies":[{"name":"wp","href":"https:\/\/api.w.org\/{rel}","templated":true}]}}